  {"id":42,"date":"2017-05-17T00:30:41","date_gmt":"2017-05-16T22:30:41","guid":{"rendered":"https:\/\/wp.edv-sommer.de\/?page_id=42"},"modified":"2017-11-11T23:50:34","modified_gmt":"2017-11-11T22:50:34","slug":"beratung-beim-pc-kauf","status":"publish","type":"page","link":"https:\/\/edv-sommer.de\/?page_id=42","title":{"rendered":"Beratung rund um den PC"},"content":{"rendered":"<p>Die Technik wird immer komplexer, der Ger\u00e4tepark immer gr\u00f6\u00dfer. Wie geht das alles zusammen? Geht das \u00fcberhaupt zusammen?<\/p>\n<p>Der PC wird immer langsamer. Wie kommt das? Ist er zu alt, muss er nur aufger\u00e4umt werden oder lohnt eine Aufr\u00fcstung? Oft reicht eine kleine Investition um einen teuren Neukauf und die zeitaufw\u00e4ndige Nachbearbeitung zu vermeiden.<\/p>\n<p>Suchen Sie Rat bei schwierigen Technikthemen?<\/p>\n<p>M\u00f6chte Sie eine individuelle, auf Ihre Bed\u00fcrfnisse ausgerichtete Grundschulung?<\/p>\n<p>Haben Sie immer wieder mal Fragen zu verschiedenen Themen?<\/p>\n<p>&nbsp;<\/p>\n","protected":false},"excerpt":{"rendered":"<p>Die Technik wird immer komplexer, der Ger\u00e4tepark immer gr\u00f6\u00dfer. Wie geht das alles zusammen? Geht das \u00fcberhaupt zusammen? Der PC wird immer langsamer. Wie kommt das? Ist er zu alt, muss er nur aufger\u00e4umt werden oder lohnt eine Aufr\u00fcstung? Oft reicht eine kleine Investition um einen teuren Neukauf und die zeitaufw\u00e4ndige Nachbearbeitung zu vermeiden. Suchen &hellip; <\/p>\n<p class=\"link-more\"><a href=\"https:\/\/edv-sommer.de\/?page_id=42\" class=\"more-link\"><span class=\"screen-reader-text\">\u201eBeratung rund um den PC\u201c<\/span> weiterlesen<\/a><\/p>\n","protected":false},"author":1,"featured_media":0,"parent":9,"menu_order":0,"comment_status":"closed","ping_status":"closed","template":"","meta":{"footnotes":""},"class_list":["post-42","page","type-page","status-publish","hentry"],"_links":{"self":[{"href":"https:\/\/edv-sommer.de\/index.php?rest_route=\/wp\/v2\/pages\/42","targetHints":{"allow":["GET"]}}],"collection":[{"href":"https:\/\/edv-sommer.de\/index.php?rest_route=\/wp\/v2\/pages"}],"about":[{"href":"https:\/\/edv-sommer.de\/index.php?rest_route=\/wp\/v2\/types\/page"}],"author":[{"embeddable":true,"href":"https:\/\/edv-sommer.de\/index.php?rest_route=\/wp\/v2\/users\/1"}],"replies":[{"embeddable":true,"href":"https:\/\/edv-sommer.de\/index.php?rest_route=%2Fwp%2Fv2%2Fcomments&post=42"}],"version-history":[{"count":8,"href":"https:\/\/edv-sommer.de\/index.php?rest_route=\/wp\/v2\/pages\/42\/revisions"}],"predecessor-version":[{"id":142,"href":"https:\/\/edv-sommer.de\/index.php?rest_route=\/wp\/v2\/pages\/42\/revisions\/142"}],"up":[{"embeddable":true,"href":"https:\/\/edv-sommer.de\/index.php?rest_route=\/wp\/v2\/pages\/9"}],"wp:attachment":[{"href":"https:\/\/edv-sommer.de\/index.php?rest_route=%2Fwp%2Fv2%2Fmedia&parent=42"}],"curies":[{"name":"wp","href":"https:\/\/api.w.org\/{rel}","templated":true}]}}