  {"id":40,"date":"2017-05-17T00:29:36","date_gmt":"2017-05-16T22:29:36","guid":{"rendered":"https:\/\/wp.edv-sommer.de\/?page_id=40"},"modified":"2017-11-11T23:54:02","modified_gmt":"2017-11-11T22:54:02","slug":"vernetzung","status":"publish","type":"page","link":"https:\/\/edv-sommer.de\/?page_id=40","title":{"rendered":"Heimvernetzung"},"content":{"rendered":"<p>Egal, ob Sie Ihr Smartphone mit dem PC koppeln oder auf Ihren Notebooks im Haus fernsehen wollen &#8211; f\u00fcr alles findet sich eine L\u00f6sung. Fragen Sie mich. Ich unterst\u00fctze Sie bei der Auswahl geeigneter Komponenten und bei deren Einrichtung.<\/p>\n<p>&nbsp;<\/p>\n","protected":false},"excerpt":{"rendered":"<p>Egal, ob Sie Ihr Smartphone mit dem PC koppeln oder auf Ihren Notebooks im Haus fernsehen wollen &#8211; f\u00fcr alles findet sich eine L\u00f6sung. Fragen Sie mich. Ich unterst\u00fctze Sie bei der Auswahl geeigneter Komponenten und bei deren Einrichtung. &nbsp;<\/p>\n","protected":false},"author":1,"featured_media":0,"parent":9,"menu_order":0,"comment_status":"closed","ping_status":"closed","template":"","meta":{"footnotes":""},"class_list":["post-40","page","type-page","status-publish","hentry"],"_links":{"self":[{"href":"https:\/\/edv-sommer.de\/index.php?rest_route=\/wp\/v2\/pages\/40","targetHints":{"allow":["GET"]}}],"collection":[{"href":"https:\/\/edv-sommer.de\/index.php?rest_route=\/wp\/v2\/pages"}],"about":[{"href":"https:\/\/edv-sommer.de\/index.php?rest_route=\/wp\/v2\/types\/page"}],"author":[{"embeddable":true,"href":"https:\/\/edv-sommer.de\/index.php?rest_route=\/wp\/v2\/users\/1"}],"replies":[{"embeddable":true,"href":"https:\/\/edv-sommer.de\/index.php?rest_route=%2Fwp%2Fv2%2Fcomments&post=40"}],"version-history":[{"count":6,"href":"https:\/\/edv-sommer.de\/index.php?rest_route=\/wp\/v2\/pages\/40\/revisions"}],"predecessor-version":[{"id":144,"href":"https:\/\/edv-sommer.de\/index.php?rest_route=\/wp\/v2\/pages\/40\/revisions\/144"}],"up":[{"embeddable":true,"href":"https:\/\/edv-sommer.de\/index.php?rest_route=\/wp\/v2\/pages\/9"}],"wp:attachment":[{"href":"https:\/\/edv-sommer.de\/index.php?rest_route=%2Fwp%2Fv2%2Fmedia&parent=40"}],"curies":[{"name":"wp","href":"https:\/\/api.w.org\/{rel}","templated":true}]}}