  {"id":35,"date":"2017-05-17T00:25:47","date_gmt":"2017-05-16T22:25:47","guid":{"rendered":"https:\/\/wp.edv-sommer.de\/?page_id=35"},"modified":"2017-11-12T00:06:43","modified_gmt":"2017-11-11T23:06:43","slug":"linux-server","status":"publish","type":"page","link":"https:\/\/edv-sommer.de\/?page_id=35","title":{"rendered":"Linux Server"},"content":{"rendered":"<h2>Warum eigentlich immer Windows?<\/h2>\n<p>Nat\u00fcrlich ist Windows der Industriestandard in B\u00fcros auf der ganzen Welt, aber manchmal lohnt es sich auch, \u00fcber den Tellerrand hinaus zu blicken.<\/p>\n<h2>Linux als Server<\/h2>\n<p>Linux ist ein bekannt schnelles, stabiles und ressourcen-schonendes System. Nicht zuf\u00e4llig laufen fast 100% der Webserver im Internet unter diesem Betriebssystem.<\/p>\n<p>Sie zahlen keine Lizenzkosten f\u00fcr den Windows-Server.<\/p>\n<p>Linux-Systeme sind sehr sicher gegen Angriffe, da sie zum einen nicht so verbreitet sind wie Windows-Systeme (weniger attraktiv f\u00fcr Angreifer) und weil zum anderen ihr Sicherheitskonzept &#8211; auch in Verbindung mit Windows-Arbeitspl\u00e4tzen &#8211; besser ist.<\/p>\n<p>Linux bietet sehr sichere Datensicherungskonzepte, die auch vor Bedrohungen wie Ransomware (Verschl\u00fcsselungstrojaner) sch\u00fctzen k\u00f6nnen.<\/p>\n<p>Der Upgrade zur n\u00e4chsten Version geht in aller Regel sehr geschmeidig vonstatten. Eine Neuinstallation bei einem Systemupgrade, wie bei Windows oft n\u00f6tig, kommt unter Linux nur selten vor.<\/p>\n<h2>Linux am Arbeitsplatz<\/h2>\n<p>In vielen F\u00e4llen, insbesondere in kleineren Unternehmen, die keine Spezialsoftware einsetzen, kann Linux auch am Arbeitsplatz von Vorteil sein.<\/p>\n<ul>\n<li>Keine Lizenzgeb\u00fchren.<\/li>\n<li>Auf einen Ressourcen fressenden Virenscanner kann verzichtet werden. Deshalb k\u00f6nnen auch \u00e4ltere PCs l\u00e4nger genutzt werden.<\/li>\n<li>Die meisten B\u00fcroprogramme wie E-Mail, Textverarbeitung, Buchhaltungs- und Banking-Software, gibt es auch f\u00fcr Linux und sind oft sogar kostenfrei erh\u00e4ltlich.<\/li>\n<li>Keine ewig dauernden Neustarts nach Systemupdates behindern Ihren Arbeitsfluss.<\/li>\n<li>Upgrades auf eine neue Version sind in aller Regel vollkommen problemlos. Sie k\u00f6nnen w\u00e4hrenddessen sogar weiter arbeiten.<\/li>\n<\/ul>\n<p>&nbsp;<\/p>\n<p>Lassen Sie sich beraten, welche M\u00f6glichkeiten Linux f\u00fcr Sie er\u00f6ffnen kann.<\/p>\n","protected":false},"excerpt":{"rendered":"<p>Warum eigentlich immer Windows? Nat\u00fcrlich ist Windows der Industriestandard in B\u00fcros auf der ganzen Welt, aber manchmal lohnt es sich auch, \u00fcber den Tellerrand hinaus zu blicken. Linux als Server Linux ist ein bekannt schnelles, stabiles und ressourcen-schonendes System. Nicht zuf\u00e4llig laufen fast 100% der Webserver im Internet unter diesem Betriebssystem. Sie zahlen keine Lizenzkosten &hellip; <\/p>\n<p class=\"link-more\"><a href=\"https:\/\/edv-sommer.de\/?page_id=35\" class=\"more-link\"><span class=\"screen-reader-text\">\u201eLinux Server\u201c<\/span> weiterlesen<\/a><\/p>\n","protected":false},"author":1,"featured_media":0,"parent":11,"menu_order":0,"comment_status":"closed","ping_status":"closed","template":"","meta":{"footnotes":""},"class_list":["post-35","page","type-page","status-publish","hentry"],"_links":{"self":[{"href":"https:\/\/edv-sommer.de\/index.php?rest_route=\/wp\/v2\/pages\/35","targetHints":{"allow":["GET"]}}],"collection":[{"href":"https:\/\/edv-sommer.de\/index.php?rest_route=\/wp\/v2\/pages"}],"about":[{"href":"https:\/\/edv-sommer.de\/index.php?rest_route=\/wp\/v2\/types\/page"}],"author":[{"embeddable":true,"href":"https:\/\/edv-sommer.de\/index.php?rest_route=\/wp\/v2\/users\/1"}],"replies":[{"embeddable":true,"href":"https:\/\/edv-sommer.de\/index.php?rest_route=%2Fwp%2Fv2%2Fcomments&post=35"}],"version-history":[{"count":9,"href":"https:\/\/edv-sommer.de\/index.php?rest_route=\/wp\/v2\/pages\/35\/revisions"}],"predecessor-version":[{"id":150,"href":"https:\/\/edv-sommer.de\/index.php?rest_route=\/wp\/v2\/pages\/35\/revisions\/150"}],"up":[{"embeddable":true,"href":"https:\/\/edv-sommer.de\/index.php?rest_route=\/wp\/v2\/pages\/11"}],"wp:attachment":[{"href":"https:\/\/edv-sommer.de\/index.php?rest_route=%2Fwp%2Fv2%2Fmedia&parent=35"}],"curies":[{"name":"wp","href":"https:\/\/api.w.org\/{rel}","templated":true}]}}