  {"id":183,"date":"2026-02-07T16:47:21","date_gmt":"2026-02-07T15:47:21","guid":{"rendered":"https:\/\/edv-sommer.de\/?page_id=183"},"modified":"2026-02-07T17:25:21","modified_gmt":"2026-02-07T16:25:21","slug":"datenschutzerklaerung-anrufumleitung-fuer-fritzbox","status":"publish","type":"page","link":"https:\/\/edv-sommer.de\/?page_id=183","title":{"rendered":"Datenschutzerkl\u00e4rung Anrufumleitung f\u00fcr FritzBox"},"content":{"rendered":"<p style=\"color: #666; font-size: 0.8em;\">Stand: Februar 2026<\/p>\n<h2>1. Verantwortlicher<\/h2>\n<p>Paul Sommer<br \/>\nKlosterweg 78<br \/>\nD-27798 Hude<br \/>\nE-Mail: pauls.bastelkeller@gmail.com<\/p>\n<h2>2. Keine Datenerfassung<\/h2>\n<p>Diese App erfasst, speichert oder \u00fcbertr\u00e4gt keinerlei personenbezogene Daten an den Entwickler oder an Dritte. Es gibt keine Analyse-Tools, kein Tracking und keine Werbung.<\/p>\n<h2>3. Lokale Datenspeicherung<\/h2>\n<p>Die folgenden Daten werden ausschlie\u00dflich lokal auf deinem Ger\u00e4t gespeichert:<\/p>\n<p>FritzBox-Zugangsdaten (URL, Benutzername, Passwort) \u2013 verschl\u00fcsselt mittels Android Keystore<br \/>\nWLAN-Name (SSID) des Heimnetzwerks \u2013 f\u00fcr die automatische Erkennung<br \/>\nApp-Einstellungen (Automatik-Modus, Service-Status)<\/p>\n<p>Diese Daten verlassen dein Ger\u00e4t nicht und werden bei Deinstallation der App gel\u00f6scht.<\/p>\n<h2>4. Netzwerkkommunikation<\/h2>\n<p>Die App kommuniziert ausschlie\u00dflich mit der von dir konfigurierten FritzBox. Dabei werden die FritzBox-Zugangsdaten zur Authentifizierung \u00fcbertragen. Es findet keine Kommunikation mit anderen Servern statt.<br \/>\n5. Berechtigungen<br \/>\nInternet Verbindung zur FritzBox<br \/>\nStandort (Vordergrund) Erkennung des WLAN-Namens (SSID). Wird nicht zur Positionsbestimmung verwendet. Android erfordert diese Berechtigung technisch f\u00fcr den Zugriff auf WLAN-Informationen.<br \/>\nWLAN-Status Erkennung von WLAN-Verbindungs\u00e4nderungen<br \/>\nBenachrichtigungen Statusanzeige des Hintergrund-Dienstes<br \/>\nAutostart Automatischer Neustart des Dienstes nach Ger\u00e4teneustart<\/p>\n<h2>6. Keine Weitergabe an Dritte<\/h2>\n<p>Es werden keine Daten an Dritte weitergegeben, da keine Daten erhoben werden.<\/p>\n<h2>7. Deine Rechte<\/h2>\n<p>Da keine personenbezogenen Daten erhoben werden, entfallen Auskunfts-, L\u00f6schungs- und Berichtigungsanspr\u00fcche. Die lokal gespeicherten Daten kannst du jederzeit durch Deinstallation der App oder \u00fcber die Android-Einstellungen (App-Daten l\u00f6schen) entfernen.<\/p>\n<h2>8. Kontakt<\/h2>\n<p>Bei Fragen zum Datenschutz erreichst du mich unter: pauls.bastelkeller@gmail.com<\/p>\n","protected":false},"excerpt":{"rendered":"<p>Stand: Februar 2026 1. Verantwortlicher Paul Sommer Klosterweg 78 D-27798 Hude E-Mail: pauls.bastelkeller@gmail.com 2. Keine Datenerfassung Diese App erfasst, speichert oder \u00fcbertr\u00e4gt keinerlei personenbezogene Daten an den Entwickler oder an Dritte. Es gibt keine Analyse-Tools, kein Tracking und keine Werbung. 3. Lokale Datenspeicherung Die folgenden Daten werden ausschlie\u00dflich lokal auf deinem Ger\u00e4t gespeichert: FritzBox-Zugangsdaten (URL, &hellip; <\/p>\n<p class=\"link-more\"><a href=\"https:\/\/edv-sommer.de\/?page_id=183\" class=\"more-link\"><span class=\"screen-reader-text\">\u201eDatenschutzerkl\u00e4rung Anrufumleitung f\u00fcr FritzBox\u201c<\/span> weiterlesen<\/a><\/p>\n","protected":false},"author":1,"featured_media":0,"parent":0,"menu_order":0,"comment_status":"closed","ping_status":"closed","template":"","meta":{"footnotes":""},"class_list":["post-183","page","type-page","status-publish","hentry"],"_links":{"self":[{"href":"https:\/\/edv-sommer.de\/index.php?rest_route=\/wp\/v2\/pages\/183","targetHints":{"allow":["GET"]}}],"collection":[{"href":"https:\/\/edv-sommer.de\/index.php?rest_route=\/wp\/v2\/pages"}],"about":[{"href":"https:\/\/edv-sommer.de\/index.php?rest_route=\/wp\/v2\/types\/page"}],"author":[{"embeddable":true,"href":"https:\/\/edv-sommer.de\/index.php?rest_route=\/wp\/v2\/users\/1"}],"replies":[{"embeddable":true,"href":"https:\/\/edv-sommer.de\/index.php?rest_route=%2Fwp%2Fv2%2Fcomments&post=183"}],"version-history":[{"count":7,"href":"https:\/\/edv-sommer.de\/index.php?rest_route=\/wp\/v2\/pages\/183\/revisions"}],"predecessor-version":[{"id":190,"href":"https:\/\/edv-sommer.de\/index.php?rest_route=\/wp\/v2\/pages\/183\/revisions\/190"}],"wp:attachment":[{"href":"https:\/\/edv-sommer.de\/index.php?rest_route=%2Fwp%2Fv2%2Fmedia&parent=183"}],"curies":[{"name":"wp","href":"https:\/\/api.w.org\/{rel}","templated":true}]}}