  {"id":167,"date":"2020-06-11T09:55:51","date_gmt":"2020-06-11T07:55:51","guid":{"rendered":"https:\/\/edv-sommer.de\/?page_id=167"},"modified":"2020-06-11T10:12:03","modified_gmt":"2020-06-11T08:12:03","slug":"home-office-remote-arbeiten","status":"publish","type":"page","link":"https:\/\/edv-sommer.de\/?page_id=167","title":{"rendered":"Home-Office \/ Remote arbeiten"},"content":{"rendered":"\n<p>Einrichtung von DSGVO-gerechten und sicheren Remote-Arbeitspl\u00e4tzen, angepasst auf Ihre spezielle Situation.<\/p>\n\n\n\n<p>Gerade f\u00fcr kleinere Unternehmen ohne spezielle EDV-Abteilung kann es schwierig sein einen sicheren und bezahlbaren Arbeitsplatz f\u00fcr zu Hause zur Verf\u00fcgung zu stellen.<\/p>\n\n\n\n<p>Ideal ist nat\u00fcrlich ein eigener PC- der ausschlie\u00dflich daf\u00fcr verwendet wird. Private Rechner d\u00fcrfen eigentlich nicht f\u00fcr dienstliche Aufgaben benutzt werden sobald personenbezogene Daten damit verarbeitet werden. <br>Durch den Einsatz von virtuellen Maschinen kann aber auch mit einem privaten Heim-PC eine kosteng\u00fcnstige und dennoch SDGVO-konforme L\u00f6sung geschaffen werden. <\/p>\n\n\n\n<p>Rufen Sie einfach an und lassen Sie sich unverbindlich beraten:<br>Tel.: 04408-809896 oder 0173-6059136<\/p>\n","protected":false},"excerpt":{"rendered":"<p>Einrichtung von DSGVO-gerechten und sicheren Remote-Arbeitspl\u00e4tzen, angepasst auf Ihre spezielle Situation. Gerade f\u00fcr kleinere Unternehmen ohne spezielle EDV-Abteilung kann es schwierig sein einen sicheren und bezahlbaren Arbeitsplatz f\u00fcr zu Hause zur Verf\u00fcgung zu stellen. Ideal ist nat\u00fcrlich ein eigener PC- der ausschlie\u00dflich daf\u00fcr verwendet wird. Private Rechner d\u00fcrfen eigentlich nicht f\u00fcr dienstliche Aufgaben benutzt werden &hellip; <\/p>\n<p class=\"link-more\"><a href=\"https:\/\/edv-sommer.de\/?page_id=167\" class=\"more-link\"><span class=\"screen-reader-text\">\u201eHome-Office \/ Remote arbeiten\u201c<\/span> weiterlesen<\/a><\/p>\n","protected":false},"author":1,"featured_media":0,"parent":11,"menu_order":2,"comment_status":"closed","ping_status":"closed","template":"","meta":{"footnotes":""},"class_list":["post-167","page","type-page","status-publish","hentry"],"_links":{"self":[{"href":"https:\/\/edv-sommer.de\/index.php?rest_route=\/wp\/v2\/pages\/167","targetHints":{"allow":["GET"]}}],"collection":[{"href":"https:\/\/edv-sommer.de\/index.php?rest_route=\/wp\/v2\/pages"}],"about":[{"href":"https:\/\/edv-sommer.de\/index.php?rest_route=\/wp\/v2\/types\/page"}],"author":[{"embeddable":true,"href":"https:\/\/edv-sommer.de\/index.php?rest_route=\/wp\/v2\/users\/1"}],"replies":[{"embeddable":true,"href":"https:\/\/edv-sommer.de\/index.php?rest_route=%2Fwp%2Fv2%2Fcomments&post=167"}],"version-history":[{"count":3,"href":"https:\/\/edv-sommer.de\/index.php?rest_route=\/wp\/v2\/pages\/167\/revisions"}],"predecessor-version":[{"id":173,"href":"https:\/\/edv-sommer.de\/index.php?rest_route=\/wp\/v2\/pages\/167\/revisions\/173"}],"up":[{"embeddable":true,"href":"https:\/\/edv-sommer.de\/index.php?rest_route=\/wp\/v2\/pages\/11"}],"wp:attachment":[{"href":"https:\/\/edv-sommer.de\/index.php?rest_route=%2Fwp%2Fv2%2Fmedia&parent=167"}],"curies":[{"name":"wp","href":"https:\/\/api.w.org\/{rel}","templated":true}]}}