  {"id":11,"date":"2017-05-15T18:02:14","date_gmt":"2017-05-15T16:02:14","guid":{"rendered":"https:\/\/wp.edv-sommer.de\/?page_id=11"},"modified":"2017-07-17T11:19:33","modified_gmt":"2017-07-17T09:19:33","slug":"geschaeftskunden","status":"publish","type":"page","link":"https:\/\/edv-sommer.de\/?page_id=11","title":{"rendered":"Gesch\u00e4ftskunden"},"content":{"rendered":"<h3>Service ohne Blick auf die Uhr<\/h3>\n<p>Dieses Versprechen l\u00f6se ich in zweifacher Hinsicht ein.<\/p>\n<ul>\n<li>Ich komme zu Ihnen, wenn&#8217;s brennt oder &#8211; bei planbaren Arbeiten &#8211; wenn der betriebliche Ablauf nicht gest\u00f6rt wird (z.B. Abends oder am Wochenende)<\/li>\n<li>Kosteng\u00fcnstige Pauschal-Wartungsvertr\u00e4ge f\u00fcr Anwendersupport, Systemwartung und Problembehandlungen an bieten Ihnen planbare Kosten f\u00fcr den Betrieb Ihrer EDV<\/li>\n<li>Nat\u00fcrlich biete ich auch Dienstleistungen auf Stundenbasis an<\/li>\n<\/ul>\n<p>&nbsp;<\/p>\n","protected":false},"excerpt":{"rendered":"<p>Service ohne Blick auf die Uhr Dieses Versprechen l\u00f6se ich in zweifacher Hinsicht ein. Ich komme zu Ihnen, wenn&#8217;s brennt oder &#8211; bei planbaren Arbeiten &#8211; wenn der betriebliche Ablauf nicht gest\u00f6rt wird (z.B. Abends oder am Wochenende) Kosteng\u00fcnstige Pauschal-Wartungsvertr\u00e4ge f\u00fcr Anwendersupport, Systemwartung und Problembehandlungen an bieten Ihnen planbare Kosten f\u00fcr den Betrieb Ihrer EDV &hellip; <\/p>\n<p class=\"link-more\"><a href=\"https:\/\/edv-sommer.de\/?page_id=11\" class=\"more-link\"><span class=\"screen-reader-text\">\u201eGesch\u00e4ftskunden\u201c<\/span> weiterlesen<\/a><\/p>\n","protected":false},"author":1,"featured_media":0,"parent":0,"menu_order":0,"comment_status":"closed","ping_status":"closed","template":"","meta":{"footnotes":""},"class_list":["post-11","page","type-page","status-publish","hentry"],"_links":{"self":[{"href":"https:\/\/edv-sommer.de\/index.php?rest_route=\/wp\/v2\/pages\/11","targetHints":{"allow":["GET"]}}],"collection":[{"href":"https:\/\/edv-sommer.de\/index.php?rest_route=\/wp\/v2\/pages"}],"about":[{"href":"https:\/\/edv-sommer.de\/index.php?rest_route=\/wp\/v2\/types\/page"}],"author":[{"embeddable":true,"href":"https:\/\/edv-sommer.de\/index.php?rest_route=\/wp\/v2\/users\/1"}],"replies":[{"embeddable":true,"href":"https:\/\/edv-sommer.de\/index.php?rest_route=%2Fwp%2Fv2%2Fcomments&post=11"}],"version-history":[{"count":6,"href":"https:\/\/edv-sommer.de\/index.php?rest_route=\/wp\/v2\/pages\/11\/revisions"}],"predecessor-version":[{"id":97,"href":"https:\/\/edv-sommer.de\/index.php?rest_route=\/wp\/v2\/pages\/11\/revisions\/97"}],"wp:attachment":[{"href":"https:\/\/edv-sommer.de\/index.php?rest_route=%2Fwp%2Fv2%2Fmedia&parent=11"}],"curies":[{"name":"wp","href":"https:\/\/api.w.org\/{rel}","templated":true}]}}