  {"id":101,"date":"2017-07-17T11:35:55","date_gmt":"2017-07-17T09:35:55","guid":{"rendered":"https:\/\/edv-sommer.de\/?page_id=101"},"modified":"2017-11-11T23:58:08","modified_gmt":"2017-11-11T22:58:08","slug":"webauftritt","status":"publish","type":"page","link":"https:\/\/edv-sommer.de\/?page_id=101","title":{"rendered":"Webauftritt"},"content":{"rendered":"<p>Haben Sie eine alte Webseite, die Sie aktualisieren wollen?<br \/>\nM\u00f6chten Sie Kosten sparen, indem Sie Ihren Webauftritt selbst pflegen?<br \/>\nBrauchen Sie eine neue Webseite oder ein Shopsystem?<\/p>\n<p>In all diesen F\u00e4llen bin ich der richtige Ansprechpartner.<\/p>\n<p>Nichts ist langweiliger als eine Webseite, die seit Jahren unver\u00e4ndert vor sich hin schlummert, aber \u00c4nderungen sind oft teuer.<\/p>\n<p>Halten Sie ihren Webauftritt interessant f\u00fcr Ihre Kunden.<\/p>\n<p>Heute werden Webseiten nicht mehr &#8222;per Hand gestrickt&#8220;, sondern komfortabel mit einem Content Management System erstellt. Dies versetzt Sie nach der Fertigstellung in die Lage, Ihre Seiten fast wie mit einer Textverarbeitung selbst zu \u00e4ndern oder neue Seiten zu erstellen.<\/p>\n<p>Eigene Design-Ideen setze ich professionell um. F\u00fcr Neuentwicklungen bringe ich auf Wunsch einen eigenen Designer mit.<\/p>\n","protected":false},"excerpt":{"rendered":"<p>Haben Sie eine alte Webseite, die Sie aktualisieren wollen? M\u00f6chten Sie Kosten sparen, indem Sie Ihren Webauftritt selbst pflegen? Brauchen Sie eine neue Webseite oder ein Shopsystem? In all diesen F\u00e4llen bin ich der richtige Ansprechpartner. Nichts ist langweiliger als eine Webseite, die seit Jahren unver\u00e4ndert vor sich hin schlummert, aber \u00c4nderungen sind oft teuer. &hellip; <\/p>\n<p class=\"link-more\"><a href=\"https:\/\/edv-sommer.de\/?page_id=101\" class=\"more-link\"><span class=\"screen-reader-text\">\u201eWebauftritt\u201c<\/span> weiterlesen<\/a><\/p>\n","protected":false},"author":1,"featured_media":0,"parent":11,"menu_order":0,"comment_status":"closed","ping_status":"closed","template":"","meta":{"footnotes":""},"class_list":["post-101","page","type-page","status-publish","hentry"],"_links":{"self":[{"href":"https:\/\/edv-sommer.de\/index.php?rest_route=\/wp\/v2\/pages\/101","targetHints":{"allow":["GET"]}}],"collection":[{"href":"https:\/\/edv-sommer.de\/index.php?rest_route=\/wp\/v2\/pages"}],"about":[{"href":"https:\/\/edv-sommer.de\/index.php?rest_route=\/wp\/v2\/types\/page"}],"author":[{"embeddable":true,"href":"https:\/\/edv-sommer.de\/index.php?rest_route=\/wp\/v2\/users\/1"}],"replies":[{"embeddable":true,"href":"https:\/\/edv-sommer.de\/index.php?rest_route=%2Fwp%2Fv2%2Fcomments&post=101"}],"version-history":[{"count":4,"href":"https:\/\/edv-sommer.de\/index.php?rest_route=\/wp\/v2\/pages\/101\/revisions"}],"predecessor-version":[{"id":147,"href":"https:\/\/edv-sommer.de\/index.php?rest_route=\/wp\/v2\/pages\/101\/revisions\/147"}],"up":[{"embeddable":true,"href":"https:\/\/edv-sommer.de\/index.php?rest_route=\/wp\/v2\/pages\/11"}],"wp:attachment":[{"href":"https:\/\/edv-sommer.de\/index.php?rest_route=%2Fwp%2Fv2%2Fmedia&parent=101"}],"curies":[{"name":"wp","href":"https:\/\/api.w.org\/{rel}","templated":true}]}}